{"id":2,"date":"2021-03-09T22:02:00","date_gmt":"2021-03-09T22:02:00","guid":{"rendered":"https:\/\/capellansf.net\/tienda\/?page_id=2"},"modified":"2025-03-07T10:46:48","modified_gmt":"2025-03-07T13:46:48","slug":"pagina-ejemplo","status":"publish","type":"page","link":"https:\/\/capellansf.net\/tienda\/","title":{"rendered":""},"content":{"rendered":"\n<h1>\n<center><b>Bienvenidos<\/b> a la<br> Plataforma e-Commerce de <br>CAPELL\u00c1N SIN FRONTERAS ASOCIACI\u00d3N CIVIL C.S.F.A.C.<\/center>\n<\/h1>\n<p align=\"justify\">\nEl objetivo principal de la herramienta es la de facilitar el pago de cuotas de los socios de nuestra asociaci\u00f3n civil, as\u00ed como tambi\u00e9n hacer m\u00e1s simple la recepci\u00f3n de donaciones.<br><br>\nContamos con la integraci\u00f3n de las plataformas <b>Mobbex y PayPal<\/b>, para as\u00ed facilitar los procesos.\n<br><br>\n<b style=\"color:red;\">NOTA:<\/b> <i style=\"color:red;\">Es importante que tenga presente que para poder realizar pagos por medio de nuestro sistema tiene que REGISTRARSE creando una CUENTA DE USUARIO, una vez que realice esto podr\u00e1 hacer uso de los servicios del sitio web.<\/i>, para registrarse <a href=\"https:\/\/capellansf.net\/tienda\/?page_id=8\"><b>HAGA CLIC AQU\u00cd<\/b><\/a> e indique su direcci\u00f3n de correo electr\u00f3nico con la cual desee registrarse.\n<\/p>\n\n\n\n<h3 class=\"wp-block-heading\"><strong>INFORMACI\u00d3N SOBRE DONACIONES A NUESTRA INSTITUCI\u00d3N<\/strong><\/h3>\n\n\n\n<div class=\"wp-block-columns is-layout-flex wp-container-core-columns-is-layout-28f84493 wp-block-columns-is-layout-flex\">\n<div class=\"wp-block-column is-layout-flow wp-block-column-is-layout-flow\" style=\"flex-basis:100%\">\n<p align=\"justify\">\nAqu\u00ed encontrar\u00e1 la informaci\u00f3n bancaria de nuestra instituci\u00f3n mediante la cual podr\u00e1 realizar sus donaciones en dinero. En caso de que la donaci\u00f3n a efectuar sea en bienes materiales puede contactarnos por medio de la direcci\u00f3n de <b>e-mail<\/b>: <a href=\"mailto:donaciones@capellansf.net\">donaciones@capellansf.net<\/a> o por el nro. Telef\u00f3nico: <b>(011) 3672-6226<\/b>.\n<br><br>\nAnte cualquier duda o sugerencia comun\u00edquese con nosotros.\n<\/p>\n<br><br>\n\n\n\n<h2 class=\"wp-block-heading\"><strong>PARA DONACIONES DESDE EL EXTERIOR DEL PA\u00cdS<\/strong><\/h2>\n\n\n\n<div class=\"wp-block-columns is-layout-flex wp-container-core-columns-is-layout-28f84493 wp-block-columns-is-layout-flex\">\n<div class=\"wp-block-column is-layout-flow wp-block-column-is-layout-flow\">\n<div class=\"wp-block-columns is-layout-flex wp-container-core-columns-is-layout-28f84493 wp-block-columns-is-layout-flex\">\n<div class=\"wp-block-column is-layout-flow wp-block-column-is-layout-flow\">\n<h4 class=\"wp-block-heading\"><em><strong>Datos Bancarios para el exterior<\/strong><\/em><\/h4>\n\n\n\n<table id=\"tablepress-3\" class=\"tablepress tablepress-id-3\">\n<tbody class=\"row-striping row-hover\">\n<tr class=\"row-1\">\n\t<td class=\"column-1\"><strong>ENTIDAD BANCARIA:<\/strong><\/td><td class=\"column-2\">Banco Credicoop<\/td>\n<\/tr>\n<tr class=\"row-2\">\n\t<td class=\"column-1\"><strong>TIPO DE CUENTA:<\/strong><\/td><td class=\"column-2\">Caja de Ahorros (U$D)<\/td>\n<\/tr>\n<tr class=\"row-3\">\n\t<td class=\"column-1\"><strong>CBU\/CVU\/ACCOUNT:<\/strong><\/td><td class=\"column-2\">19100308-55203003531692<\/td>\n<\/tr>\n<tr class=\"row-4\">\n\t<td class=\"column-1\"><strong>C\u00d3DIGO SWIFT:<\/strong><\/td><td class=\"column-2\">BCOOARBAXXX<\/td>\n<\/tr>\n<tr class=\"row-5\">\n\t<td class=\"column-1\"><strong>TITULAR:<\/strong><\/td><td class=\"column-2\">CAPELLAN SIN FRONTERAS ASOCIACION CIVIL C.S.F.A.C.<\/td>\n<\/tr>\n<tr class=\"row-6\">\n\t<td class=\"column-1\"><strong>CUIT:<\/strong><\/td><td class=\"column-2\">30-71624598-1<\/td>\n<\/tr>\n<\/tbody>\n<\/table>\n<\/div>\n<\/div>\n\n\n\n<figure class=\"wp-block-image size-large\"><img fetchpriority=\"high\" decoding=\"async\" width=\"1024\" height=\"419\" src=\"https:\/\/capellansf.net\/tienda\/wp-content\/uploads\/2025\/03\/Donacion_recrortada-e1741355194769-1024x419.png\" alt=\"\" class=\"wp-image-278\" srcset=\"https:\/\/capellansf.net\/tienda\/wp-content\/uploads\/2025\/03\/Donacion_recrortada-e1741355194769-1024x419.png 1024w, https:\/\/capellansf.net\/tienda\/wp-content\/uploads\/2025\/03\/Donacion_recrortada-e1741355194769-300x123.png 300w, https:\/\/capellansf.net\/tienda\/wp-content\/uploads\/2025\/03\/Donacion_recrortada-e1741355194769-768x314.png 768w, https:\/\/capellansf.net\/tienda\/wp-content\/uploads\/2025\/03\/Donacion_recrortada-e1741355194769-416x170.png 416w, https:\/\/capellansf.net\/tienda\/wp-content\/uploads\/2025\/03\/Donacion_recrortada-e1741355194769.png 1344w\" sizes=\"(max-width: 1024px) 100vw, 1024px\" \/><\/figure>\n\n\n\n<p align=\"justify\">\nPuede realizar su donaci\u00f3n en L\u00ednea a nuestra cuenta <b>PayPal<\/b>, podr\u00e1 abonarlo con dinero de su cuenta PayPal (en caso de poseerla) o con Tarjetas de Cr\u00e9dito o D\u00e9bito; para realizar una <b>DONACI\u00d3N<\/b> a nuestra instituci\u00f3n, pulse el siguiente enlace:\n<\/p>\n<center>\n\t\t\t\t\t\t\t\t<form action=\"https:\/\/www.paypal.com\/donate\" method=\"post\" target=\"_top\">\n\t\t\t\t\t\t\t\t<input type=\"hidden\" name=\"hosted_button_id\" value=\"JYBX6A9NF8ZLC\">\n\t\t\t\t\t\t\t\t<input type=\"image\" src=\"https:\/\/www.capellansf.net\/img\/donar_capellansf.png\" border=\"0\" name=\"submit\" title=\"Gracias de antemano por su donaci\u00f3n.\" alt=\"Donar con bot\u00f3n PayPal\">\n\t\t\t\t\t\t\t\t<img decoding=\"async\" alt=\"\" border=\"0\" src=\"https:\/\/www.paypal.com\/en_AR\/i\/scr\/pixel.gif\" width=\"1\" height=\"1\">\n\t\t\t\t\t\t\t\t<\/form>\n\t\t\t\t\t\t\t<\/center>\n<\/div>\n<\/div>\n\n\n\n<h2 class=\"wp-block-heading\"><strong>PARA DONACIONES EN PESOS ARGENTINOS<\/strong><\/h2>\n\n\n\n<h4 class=\"wp-block-heading\"><strong><em>Informaci\u00f3n bancaria para donaciones a Nivel Nacional<\/em><\/strong><\/h4>\n\n\n\n<table id=\"tablepress-4\" class=\"tablepress tablepress-id-4\">\n<tbody class=\"row-striping row-hover\">\n<tr class=\"row-1\">\n\t<td class=\"column-1\"><strong>ENTIDAD BANCARIA:<\/strong><\/td><td class=\"column-2\">Banco Credicoop<\/td>\n<\/tr>\n<tr class=\"row-2\">\n\t<td class=\"column-1\"><strong>TIPO DE CUENTA:<\/strong><\/td><td class=\"column-2\">Cuenta Corriente ($ARS)<\/td>\n<\/tr>\n<tr class=\"row-3\">\n\t<td class=\"column-1\"><strong>CBU\/CVU:<\/strong><\/td><td class=\"column-2\">19100308-55003003531696<\/td>\n<\/tr>\n<tr class=\"row-4\">\n\t<td class=\"column-1\"><strong>ALIS:<\/strong><\/td><td class=\"column-2\">CAPELLAN.S.FRONTERAS<\/td>\n<\/tr>\n<tr class=\"row-5\">\n\t<td class=\"column-1\"><strong>TITULAR:<\/strong><\/td><td class=\"column-2\">CAPELLAN SIN FRONTERAS ASOCIACION CIVIL C.S.F.A.C.<\/td>\n<\/tr>\n<tr class=\"row-6\">\n\t<td class=\"column-1\"><strong>CUIT:<\/strong><\/td><td class=\"column-2\">30-71624598-1<\/td>\n<\/tr>\n<\/tbody>\n<\/table>\n\n\n\nPara donaciones en <b>PESOS ARGENTINOS, con TARJETAS DE CR\u00c9DITO o D\u00c9BITO.<\/b> Utilice alguno de las siguientes opciones, si el monto que desea <b>DONAR<\/b> no aparece en el listado puede utilizar varios hasta que complete el monto con el que desea contribuir.\n\n\n\n<p><\/p>\n<\/div>\n<\/div>\n\n\n\n<div class=\"wp-block-columns is-layout-flex wp-container-core-columns-is-layout-28f84493 wp-block-columns-is-layout-flex\">\n<div class=\"wp-block-column is-layout-flow wp-block-column-is-layout-flow\">\n<h4 class=\"wp-block-heading\"><strong><em>Donaciones Nacionales e Internacionales desde nuestro e-Commerce<\/em><\/strong><\/h4>\n\n\n<\/div>\n<\/div>\n","protected":false},"excerpt":{"rendered":"<p>Bienvenidos a la Plataforma e-Commerce de CAPELL\u00c1N SIN FRONTERAS ASOCIACI\u00d3N CIVIL C.S.F.A.C. El objetivo principal de la herramienta es la de facilitar el pago de cuotas de los socios de nuestra asociaci\u00f3n civil, as\u00ed como tambi\u00e9n hacer m\u00e1s simple la recepci\u00f3n de donaciones. Contamos con la integraci\u00f3n de las plataformas Mobbex y PayPal, para as\u00ed [&hellip;]<\/p>\n","protected":false},"author":1,"featured_media":0,"parent":0,"menu_order":0,"comment_status":"closed","ping_status":"open","template":"template-fullwidth.php","meta":{"_eb_attr":"","footnotes":""},"class_list":["post-2","page","type-page","status-publish","hentry"],"_links":{"self":[{"href":"https:\/\/capellansf.net\/tienda\/index.php?rest_route=\/wp\/v2\/pages\/2","targetHints":{"allow":["GET"]}}],"collection":[{"href":"https:\/\/capellansf.net\/tienda\/index.php?rest_route=\/wp\/v2\/pages"}],"about":[{"href":"https:\/\/capellansf.net\/tienda\/index.php?rest_route=\/wp\/v2\/types\/page"}],"author":[{"embeddable":true,"href":"https:\/\/capellansf.net\/tienda\/index.php?rest_route=\/wp\/v2\/users\/1"}],"replies":[{"embeddable":true,"href":"https:\/\/capellansf.net\/tienda\/index.php?rest_route=%2Fwp%2Fv2%2Fcomments&post=2"}],"version-history":[{"count":42,"href":"https:\/\/capellansf.net\/tienda\/index.php?rest_route=\/wp\/v2\/pages\/2\/revisions"}],"predecessor-version":[{"id":279,"href":"https:\/\/capellansf.net\/tienda\/index.php?rest_route=\/wp\/v2\/pages\/2\/revisions\/279"}],"wp:attachment":[{"href":"https:\/\/capellansf.net\/tienda\/index.php?rest_route=%2Fwp%2Fv2%2Fmedia&parent=2"}],"curies":[{"name":"wp","href":"https:\/\/api.w.org\/{rel}","templated":true}]}}